{"id":871,"date":"2020-08-19T13:16:52","date_gmt":"2020-08-19T13:16:52","guid":{"rendered":"http:\/\/minican.com.tr\/kurumsal\/"},"modified":"2025-02-09T14:00:13","modified_gmt":"2025-02-09T14:00:13","slug":"our-company","status":"publish","type":"page","link":"https:\/\/minican.com.tr\/en\/our-company\/","title":{"rendered":"Our Company"},"content":{"rendered":"<p>[vc_row][vc_column][vc_column_text]<strong>Minican<\/strong>: Trust, Quality, and Innovation in Children&#8217;s Footwear<br \/>\nFounded in 2005 under the leadership of Serhat \u00c7ET\u0130N, M\u0130N\u0130CAN SHOES has brought a fresh perspective to the baby and children&#8217;s footwear industry, establishing a strong presence in the global market. With our young and dynamic team, we work tirelessly each season to design trendsetting models, shaping the future of children&#8217;s fashion worldwide.<\/p>\n<p>To stay ahead of industry trends, we actively participate in leading trade fairs in Italy, Spain, Poland, and Brazil, ensuring that our designs meet the highest international standards. Our extensive product range caters to babies, children, and teenagers (ages 0-16), offering everything from sneakers and sandals to boots and everyday casual shoes-designed for comfort, durability, and style.<\/p>\n<p>The <strong>Minican<\/strong> brand is widely recognized and loved in Ukraine, Russia, Azerbaijan, Iran, Kyrgyzstan, Dubai, Algeria, Libya, Lebanon, Bulgaria, Iraq, Greece, Tatarstan, and many other countries. We take pride in delivering our products safely and swiftly to customers worldwide, ensuring a seamless shopping experience.<\/p>\n<p>Every year, our fall-winter and spring-summer collections feature over 10,000 models and color options, prioritizing foot health and comfort for growing children.<\/p>\n<p>At <strong>M\u0130N\u0130CAN SHOES<\/strong>, we combine quality, aesthetics, and durability to help little feet take confident steps-wherever they go![\/vc_column_text][\/vc_column][\/vc_row]<\/p>\n","protected":false},"excerpt":{"rendered":"<p>[vc_row][vc_column][vc_column_text]Minican: Trust, Quality, and Innovation in Children&#8217;s Footwear Founded in 2005 under the leadership of Serhat \u00c7ET\u0130N, M\u0130N\u0130CAN SHOES has brought a fresh perspective to the baby and children&#8217;s footwear industry, establishing a strong presence in the global market. With our young and dynamic team, we work tirelessly each season to design trendsetting models, shaping&hellip;<\/p>\n","protected":false},"author":1,"featured_media":0,"parent":0,"menu_order":0,"comment_status":"closed","ping_status":"closed","template":"","meta":[],"class_list":["post-871","page","type-page","status-publish","hentry","description-off"],"yoast_head":"<!-- This site is optimized with the Yoast SEO plugin v24.4 - https:\/\/yoast.com\/wordpress\/plugins\/seo\/ -->\n<title>Our Company - M\u0130N\u0130CAN AYAKKABI<\/title>\n<meta name=\"robots\" content=\"index, follow, max-snippet:-1, max-image-preview:large, max-video-preview:-1\" \/>\n<link rel=\"canonical\" href=\"https:\/\/minican.com.tr\/en\/our-company\/\" \/>\n<meta property=\"og:locale\" content=\"en_US\" \/>\n<meta property=\"og:type\" content=\"article\" \/>\n<meta property=\"og:title\" content=\"Our Company - M\u0130N\u0130CAN AYAKKABI\" \/>\n<meta property=\"og:description\" content=\"[vc_row][vc_column][vc_column_text]Minican: Trust, Quality, and Innovation in Children&#8217;s Footwear Founded in 2005 under the leadership of Serhat \u00c7ET\u0130N, M\u0130N\u0130CAN SHOES has brought a fresh perspective to the baby and children&#8217;s footwear industry, establishing a strong presence in the global market. With our young and dynamic team, we work tirelessly each season to design trendsetting models, shaping&hellip;\" \/>\n<meta property=\"og:url\" content=\"https:\/\/minican.com.tr\/en\/our-company\/\" \/>\n<meta property=\"og:site_name\" content=\"M\u0130N\u0130CAN AYAKKABI\" \/>\n<meta property=\"article:modified_time\" content=\"2025-02-09T14:00:13+00:00\" \/>\n<meta name=\"twitter:card\" content=\"summary_large_image\" \/>\n<meta name=\"twitter:label1\" content=\"Est. reading time\" \/>\n\t<meta name=\"twitter:data1\" content=\"1 minute\" \/>\n<script type=\"application\/ld+json\" class=\"yoast-schema-graph\">{\"@context\":\"https:\/\/schema.org\",\"@graph\":[{\"@type\":\"WebPage\",\"@id\":\"https:\/\/minican.com.tr\/en\/our-company\/\",\"url\":\"https:\/\/minican.com.tr\/en\/our-company\/\",\"name\":\"Our Company - M\u0130N\u0130CAN AYAKKABI\",\"isPartOf\":{\"@id\":\"https:\/\/minican.com.tr\/#website\"},\"datePublished\":\"2020-08-19T13:16:52+00:00\",\"dateModified\":\"2025-02-09T14:00:13+00:00\",\"breadcrumb\":{\"@id\":\"https:\/\/minican.com.tr\/en\/our-company\/#breadcrumb\"},\"inLanguage\":\"en-US\",\"potentialAction\":[{\"@type\":\"ReadAction\",\"target\":[\"https:\/\/minican.com.tr\/en\/our-company\/\"]}]},{\"@type\":\"BreadcrumbList\",\"@id\":\"https:\/\/minican.com.tr\/en\/our-company\/#breadcrumb\",\"itemListElement\":[{\"@type\":\"ListItem\",\"position\":1,\"name\":\"Home\",\"item\":\"https:\/\/minican.com.tr\/en\/\"},{\"@type\":\"ListItem\",\"position\":2,\"name\":\"Our Company\"}]},{\"@type\":\"WebSite\",\"@id\":\"https:\/\/minican.com.tr\/#website\",\"url\":\"https:\/\/minican.com.tr\/\",\"name\":\"M\u0130N\u0130CAN AYAKKABI\",\"description\":\"Bursa\",\"potentialAction\":[{\"@type\":\"SearchAction\",\"target\":{\"@type\":\"EntryPoint\",\"urlTemplate\":\"https:\/\/minican.com.tr\/?s={search_term_string}\"},\"query-input\":{\"@type\":\"PropertyValueSpecification\",\"valueRequired\":true,\"valueName\":\"search_term_string\"}}],\"inLanguage\":\"en-US\"}]}<\/script>\n<!-- \/ Yoast SEO plugin. -->","yoast_head_json":{"title":"Our Company - M\u0130N\u0130CAN AYAKKABI","robots":{"index":"index","follow":"follow","max-snippet":"max-snippet:-1","max-image-preview":"max-image-preview:large","max-video-preview":"max-video-preview:-1"},"canonical":"https:\/\/minican.com.tr\/en\/our-company\/","og_locale":"en_US","og_type":"article","og_title":"Our Company - M\u0130N\u0130CAN AYAKKABI","og_description":"[vc_row][vc_column][vc_column_text]Minican: Trust, Quality, and Innovation in Children&#8217;s Footwear Founded in 2005 under the leadership of Serhat \u00c7ET\u0130N, M\u0130N\u0130CAN SHOES has brought a fresh perspective to the baby and children&#8217;s footwear industry, establishing a strong presence in the global market. With our young and dynamic team, we work tirelessly each season to design trendsetting models, shaping&hellip;","og_url":"https:\/\/minican.com.tr\/en\/our-company\/","og_site_name":"M\u0130N\u0130CAN AYAKKABI","article_modified_time":"2025-02-09T14:00:13+00:00","twitter_card":"summary_large_image","twitter_misc":{"Est. reading time":"1 minute"},"schema":{"@context":"https:\/\/schema.org","@graph":[{"@type":"WebPage","@id":"https:\/\/minican.com.tr\/en\/our-company\/","url":"https:\/\/minican.com.tr\/en\/our-company\/","name":"Our Company - M\u0130N\u0130CAN AYAKKABI","isPartOf":{"@id":"https:\/\/minican.com.tr\/#website"},"datePublished":"2020-08-19T13:16:52+00:00","dateModified":"2025-02-09T14:00:13+00:00","breadcrumb":{"@id":"https:\/\/minican.com.tr\/en\/our-company\/#breadcrumb"},"inLanguage":"en-US","potentialAction":[{"@type":"ReadAction","target":["https:\/\/minican.com.tr\/en\/our-company\/"]}]},{"@type":"BreadcrumbList","@id":"https:\/\/minican.com.tr\/en\/our-company\/#breadcrumb","itemListElement":[{"@type":"ListItem","position":1,"name":"Home","item":"https:\/\/minican.com.tr\/en\/"},{"@type":"ListItem","position":2,"name":"Our Company"}]},{"@type":"WebSite","@id":"https:\/\/minican.com.tr\/#website","url":"https:\/\/minican.com.tr\/","name":"M\u0130N\u0130CAN AYAKKABI","description":"Bursa","potentialAction":[{"@type":"SearchAction","target":{"@type":"EntryPoint","urlTemplate":"https:\/\/minican.com.tr\/?s={search_term_string}"},"query-input":{"@type":"PropertyValueSpecification","valueRequired":true,"valueName":"search_term_string"}}],"inLanguage":"en-US"}]}},"_links":{"self":[{"href":"https:\/\/minican.com.tr\/en\/wp-json\/wp\/v2\/pages\/871\/"}],"collection":[{"href":"https:\/\/minican.com.tr\/en\/wp-json\/wp\/v2\/pages\/"}],"about":[{"href":"https:\/\/minican.com.tr\/en\/wp-json\/wp\/v2\/types\/page\/"}],"author":[{"embeddable":true,"href":"https:\/\/minican.com.tr\/en\/wp-json\/wp\/v2\/users\/1\/"}],"replies":[{"embeddable":true,"href":"https:\/\/minican.com.tr\/en\/wp-json\/wp\/v2\/comments\/?post=871"}],"version-history":[{"count":2,"href":"https:\/\/minican.com.tr\/en\/wp-json\/wp\/v2\/pages\/871\/revisions\/"}],"predecessor-version":[{"id":1640,"href":"https:\/\/minican.com.tr\/en\/wp-json\/wp\/v2\/pages\/871\/revisions\/1640\/"}],"wp:attachment":[{"href":"https:\/\/minican.com.tr\/en\/wp-json\/wp\/v2\/media\/?parent=871"}],"curies":[{"name":"wp","href":"https:\/\/api.w.org\/{rel}","templated":true}]}}